{"id":1775,"date":"2020-01-22T09:14:55","date_gmt":"2020-01-22T09:14:55","guid":{"rendered":"https:\/\/www.palaciosanfernando.com\/?page_id=1775"},"modified":"2020-10-14T09:35:55","modified_gmt":"2020-10-14T09:35:55","slug":"utrera-y-sevilla","status":"publish","type":"page","link":"https:\/\/www.palaciosanfernando.com\/index.php\/utrera-y-sevilla\/","title":{"rendered":"Utrera y Sevilla"},"content":{"rendered":"\t\t<div data-elementor-type=\"wp-page\" data-elementor-id=\"1775\" class=\"elementor elementor-1775\">\n\t\t\t\t\t\t<section class=\"elementor-section elementor-top-section elementor-element elementor-element-7475b54 elementor-section-boxed elementor-section-height-default elementor-section-height-default\" data-id=\"7475b54\" data-element_type=\"section\">\n\t\t\t\t\t\t<div class=\"elementor-container elementor-column-gap-default\">\n\t\t\t\t\t<div class=\"elementor-column elementor-col-100 elementor-top-column elementor-element elementor-element-d5c27c0\" data-id=\"d5c27c0\" data-element_type=\"column\">\n\t\t\t<div class=\"elementor-widget-wrap elementor-element-populated\">\n\t\t\t\t\t\t<div class=\"elementor-element elementor-element-b024a82 elementor-widget elementor-widget-text-editor\" data-id=\"b024a82\" data-element_type=\"widget\" data-widget_type=\"text-editor.default\">\n\t\t\t\t<div class=\"elementor-widget-container\">\n\t\t\t\t\t\t\t\t\t<h5 style=\"mso-margin-bottom-alt: auto; line-height: normal;\"><em>\u201cSevilla tiene que tiene una torre alta y ligera<br>pero no tiene que tiene La Consolaci\u00f3n de Utrera.&nbsp;<\/em><\/h5>\n<h5 style=\"mso-margin-bottom-alt: auto; line-height: normal;\"><em>C\u00e1diz tiene su bah\u00eda y Jerez su primavera,<br>pero ninguna tiene que tiene a La Consolaci\u00f3n de Utrera\u201d.<\/em><\/h5>\t\t\t\t\t\t\t\t<\/div>\n\t\t\t\t<\/div>\n\t\t\t\t\t<\/div>\n\t\t<\/div>\n\t\t\t\t\t<\/div>\n\t\t<\/section>\n\t\t\t\t<section class=\"elementor-section elementor-top-section elementor-element elementor-element-e2817f8 elementor-section-boxed elementor-section-height-default elementor-section-height-default\" data-id=\"e2817f8\" data-element_type=\"section\">\n\t\t\t\t\t\t<div class=\"elementor-container elementor-column-gap-default\">\n\t\t\t\t\t<div class=\"elementor-column elementor-col-100 elementor-top-column elementor-element elementor-element-df99fb8\" data-id=\"df99fb8\" data-element_type=\"column\">\n\t\t\t<div class=\"elementor-widget-wrap elementor-element-populated\">\n\t\t\t\t\t\t<div class=\"elementor-element elementor-element-01e4607 elementor-widget elementor-widget-text-editor\" data-id=\"01e4607\" data-element_type=\"widget\" data-widget_type=\"text-editor.default\">\n\t\t\t\t<div class=\"elementor-widget-container\">\n\t\t\t\t\t\t\t\t\t<h6 style=\"mso-margin-bottom-alt: auto; line-height: normal;\"><em>\u00a0Jos\u00e9 Mar\u00eda Pem\u00e1n<\/em><\/h6>\t\t\t\t\t\t\t\t<\/div>\n\t\t\t\t<\/div>\n\t\t\t\t\t<\/div>\n\t\t<\/div>\n\t\t\t\t\t<\/div>\n\t\t<\/section>\n\t\t\t\t<section class=\"elementor-section elementor-top-section elementor-element elementor-element-967e608 elementor-section-boxed elementor-section-height-default elementor-section-height-default\" data-id=\"967e608\" data-element_type=\"section\">\n\t\t\t\t\t\t<div class=\"elementor-container elementor-column-gap-narrow\">\n\t\t\t\t\t<div class=\"elementor-column elementor-col-100 elementor-top-column elementor-element elementor-element-86d867e\" data-id=\"86d867e\" data-element_type=\"column\">\n\t\t\t<div class=\"elementor-widget-wrap elementor-element-populated\">\n\t\t\t\t\t\t<div class=\"elementor-element elementor-element-13413eb elementor-widget-divider--view-line_icon elementor-view-default elementor-widget-divider--element-align-center elementor-widget elementor-widget-divider\" data-id=\"13413eb\" data-element_type=\"widget\" data-widget_type=\"divider.default\">\n\t\t\t\t<div class=\"elementor-widget-container\">\n\t\t\t\t\t\t\t<div class=\"elementor-divider\">\n\t\t\t<span class=\"elementor-divider-separator\">\n\t\t\t\t\t\t\t<div class=\"elementor-icon elementor-divider__element\">\n\t\t\t\t\t<svg xmlns=\"http:\/\/www.w3.org\/2000\/svg\" height=\"512pt\" viewBox=\"-33 0 512 512\" width=\"512pt\"><path d=\"m358.773438 330.375c-4.140626 0-7.5 3.355469-7.5 7.496094v158.90625h-24.496094v-170.109375c0-15.433594-12.554688-27.988281-27.988282-27.988281-15.433593 0-27.992187 12.554687-27.992187 27.988281v170.109375h-19.785156v-170.109375c0-15.433594-12.558594-27.988281-27.992188-27.988281-15.433593 0-27.988281 12.554687-27.988281 27.988281v170.109375h-19.789062v-170.109375c0-15.433594-12.558594-27.988281-27.988282-27.988281-15.433594 0-27.992187 12.554687-27.992187 27.988281v170.109375h-24.496094v-79.804688c0-4.140625-3.355469-7.496094-7.5-7.496094-4.140625 0-7.496094 3.355469-7.496094 7.496094v87.304688c0 4.140625 3.355469 7.496094 7.496094 7.496094h37.699219c.574218.140624 1.175781.226562 1.796875.226562h40.980469c.621093 0 1.222656-.085938 1.796874-.226562h31.191407c.578125.140624 1.175781.226562 1.796875.226562h40.984375c.621093 0 1.21875-.085938 1.796875-.226562h31.191406c.578125.140624 1.175781.226562 1.796875.226562h40.984375c.617188 0 1.21875-.085938 1.792969-.226562h37.699219c4.140624 0 7.5-3.355469 7.5-7.496094v-166.40625c0-4.140625-3.359376-7.496094-7.5-7.496094zm-72.976563-3.707031c0-7.164063 5.828125-12.992188 12.992187-12.992188 7.164063 0 12.992188 5.828125 12.992188 12.992188v170.109375h-25.984375zm-75.769531 0c0-7.164063 5.828125-12.992188 12.992187-12.992188 7.164063 0 12.992188 5.828125 12.992188 12.992188v170.109375h-25.984375zm-75.765625 0c0-7.164063 5.828125-12.992188 12.992187-12.992188 7.164063 0 12.992188 5.828125 12.992188 12.992188v170.109375h-25.984375zm0 0\"><\/path><path d=\"m411.269531 86.523438c19.828125-4.144532 34.773438-21.757813 34.773438-42.800782-.003907-24.109375-19.617188-43.722656-43.726563-43.722656h-358.59375c-24.109375 0-43.722656 19.613281-43.722656 43.722656 0 22.019532 16.359375 40.277344 37.5625 43.28125-18.382812 13.582032-30.332031 35.398438-30.332031 59.953125 0 40.269531 32.117187 73.160157 72.082031 74.449219.148438.050781.300781.09375.457031.136719v45.113281c0 .050781.003907.101562.007813.152344-.003906.050781-.007813.097656-.007813.148437v123.152344c0 4.140625 3.355469 7.5 7.496094 7.5 4.144531 0 7.5-3.359375 7.5-7.5v-115.652344h256.507813v36.839844c0 4.140625 3.359374 7.496094 7.5 7.496094 4.140624 0 7.5-3.355469 7.5-7.496094v-44.339844c0-.050781-.007813-.097656-.007813-.148437 0-.050782.007813-.097656.007813-.152344v-44.953125c.371093.027344.742187.066406 1.117187.085937.140625.007813.28125.011719.425781.011719.828125 0 1.628906-.144531 2.378906-.398437 39.964844-1.285156 72.082032-34.175782 72.082032-74.445313 0-24.855469-12.246094-46.890625-31.007813-60.433593zm-367.546875-14.074219c-15.839844 0-28.726562-12.886719-28.726562-28.726563s12.886718-28.726562 28.726562-28.726562h358.59375c15.839844 0 28.726563 12.886718 28.726563 28.726562s-12.886719 28.726563-28.726563 28.726563zm89.328125 105.40625h183.347657c1.578124 11.089843 6.75 21.09375 14.847656 28.613281h-212.984375c8.285156-7.699219 13.257812-17.914062 14.789062-28.613281zm218.222657 81.304687h-256.507813v-37.695312h256.507813zm16.496093-52.691406h-3.125c-8.445312-1.164062-16.230469-4.761719-22.695312-10.515625-6.585938-5.863281-10.496094-14.121094-11.015625-23.253906-.515625-9.136719 2.433594-17.800781 8.3125-24.398438 9.140625-10.269531 24.933594-11.1875 35.203125-2.042969 3.679687 3.277344 5.863281 7.789063 6.148437 12.710938.285156 4.917969-1.359375 9.65625-4.636718 13.335938-2.753907 3.09375-2.480469 7.832031.613281 10.585937 3.089843 2.753906 7.832031 2.480469 10.585937-.613281 5.941406-6.671875 8.929688-15.257813 8.410156-24.175782-.515624-8.921874-4.476562-17.101562-11.148437-23.042968-16.445313-14.644532-41.734375-13.175782-56.378906 3.269531-6.175781 6.933594-10.113281 15.40625-11.546875 24.53125h-183.546875c-1.398438-8.898437-5.195313-17.46875-11.484375-24.53125-7.09375-7.96875-16.863282-12.695313-27.511719-13.3125-10.640625-.617187-20.898437 2.949219-28.867187 10.042969-6.671876 5.941406-10.632813 14.121094-11.148438 23.042968-.515625 8.917969 2.46875 17.503907 8.410156 24.175782 2.753906 3.09375 7.496094 3.367187 10.589844.613281 3.089844-2.753906 3.367188-7.492187.613281-10.585937-3.277343-3.679688-4.925781-8.417969-4.640625-13.335938s2.46875-9.433594 6.148438-12.710938c4.976562-4.429687 11.375-6.65625 18.027344-6.269531 6.648437.386719 12.75 3.335938 17.179687 8.3125 12.179687 13.679688 10.941406 35.503907-2.707031 47.652344-6.460938 5.753906-14.25 9.351563-22.695313 10.515625h-3.125c-32.8125 0-59.507812-26.695312-59.507812-59.507812 0-32.816407 26.695312-59.511719 59.507812-59.511719h286.03125c32.816407 0 59.511719 26.695312 59.511719 59.511719 0 32.8125-26.695312 59.507812-59.511719 59.507812zm0 0\"><\/path><\/svg><\/div>\n\t\t\t\t\t\t<\/span>\n\t\t<\/div>\n\t\t\t\t\t\t<\/div>\n\t\t\t\t<\/div>\n\t\t\t\t\t<\/div>\n\t\t<\/div>\n\t\t\t\t\t<\/div>\n\t\t<\/section>\n\t\t\t\t<section class=\"elementor-section elementor-top-section elementor-element elementor-element-65f15a3 elementor-section-boxed elementor-section-height-default elementor-section-height-default\" data-id=\"65f15a3\" data-element_type=\"section\">\n\t\t\t\t\t\t<div class=\"elementor-container elementor-column-gap-narrow\">\n\t\t\t\t\t<div class=\"elementor-column elementor-col-100 elementor-top-column elementor-element elementor-element-27f5e09\" data-id=\"27f5e09\" data-element_type=\"column\">\n\t\t\t<div class=\"elementor-widget-wrap elementor-element-populated\">\n\t\t\t\t\t\t<div class=\"elementor-element elementor-element-6d06065 elementor-widget elementor-widget-text-editor\" data-id=\"6d06065\" data-element_type=\"widget\" data-widget_type=\"text-editor.default\">\n\t\t\t\t<div class=\"elementor-widget-container\">\n\t\t\t\t\t\t\t\t\t<p style=\"text-align: justify;\">Utrera y Sevilla\u2026tienen una historia rica y fascinante. Aqu\u00ed se encuentran los or\u00edgenes del n\u00facleo m\u00e1s antiguo, hace m\u00e1s de 2.400 a\u00f1os. Por aqu\u00ed florece el azahar en un halo de calidez, romances y misterios. Ser en s\u00ed mismo, un sitio donde la gente goza de su pasi\u00f3n y alegr\u00eda por la vida, lo ha convertido en el lugar de encuentro junto a la espectacular torre portada de la sede can\u00f3nica.<br \/><br \/><\/p><p style=\"text-align: justify;\">Utrera, cuna hist\u00f3rica del flamenco y lugar de referencia en el origen del toro bravo, destaca en la cr\u00eda caballar con yeguadas de reconocido prestigio. Adem\u00e1s, destaca tanto por las pasteler\u00edas como por sus centenarias tabernas donde degustar buena cocina, vinos, licores y, c\u00f3mo no, los famosos mostachones o \u00a1la mejor cerveza del Mundo! reconocida por World Beer Awards.<\/p>\t\t\t\t\t\t\t\t<\/div>\n\t\t\t\t<\/div>\n\t\t\t\t\t<\/div>\n\t\t<\/div>\n\t\t\t\t\t<\/div>\n\t\t<\/section>\n\t\t\t\t<\/div>\n\t\t","protected":false},"excerpt":{"rendered":"<p>\u201cSevilla tiene que tiene una torre alta y ligerapero no tiene que tiene La Consolaci\u00f3n de Utrera.&nbsp; C\u00e1diz tiene su bah\u00eda y Jerez su primavera,pero [&hellip;]<\/p>\n","protected":false},"author":1,"featured_media":0,"parent":0,"menu_order":0,"comment_status":"closed","ping_status":"closed","template":"","meta":{"footnotes":""},"class_list":["post-1775","page","type-page","status-publish","hentry"],"_links":{"self":[{"href":"https:\/\/www.palaciosanfernando.com\/index.php\/wp-json\/wp\/v2\/pages\/1775","targetHints":{"allow":["GET"]}}],"collection":[{"href":"https:\/\/www.palaciosanfernando.com\/index.php\/wp-json\/wp\/v2\/pages"}],"about":[{"href":"https:\/\/www.palaciosanfernando.com\/index.php\/wp-json\/wp\/v2\/types\/page"}],"author":[{"embeddable":true,"href":"https:\/\/www.palaciosanfernando.com\/index.php\/wp-json\/wp\/v2\/users\/1"}],"replies":[{"embeddable":true,"href":"https:\/\/www.palaciosanfernando.com\/index.php\/wp-json\/wp\/v2\/comments?post=1775"}],"version-history":[{"count":12,"href":"https:\/\/www.palaciosanfernando.com\/index.php\/wp-json\/wp\/v2\/pages\/1775\/revisions"}],"predecessor-version":[{"id":1923,"href":"https:\/\/www.palaciosanfernando.com\/index.php\/wp-json\/wp\/v2\/pages\/1775\/revisions\/1923"}],"wp:attachment":[{"href":"https:\/\/www.palaciosanfernando.com\/index.php\/wp-json\/wp\/v2\/media?parent=1775"}],"curies":[{"name":"wp","href":"https:\/\/api.w.org\/{rel}","templated":true}]}}