{"id":1827,"date":"2020-01-22T10:13:35","date_gmt":"2020-01-22T10:13:35","guid":{"rendered":"https:\/\/www.palaciosanfernando.com\/?page_id=1827"},"modified":"2023-06-26T10:12:12","modified_gmt":"2023-06-26T10:12:12","slug":"habitaciones","status":"publish","type":"page","link":"https:\/\/www.palaciosanfernando.com\/index.php\/habitaciones\/","title":{"rendered":"Habitaciones"},"content":{"rendered":"\t\t<div data-elementor-type=\"wp-page\" data-elementor-id=\"1827\" class=\"elementor elementor-1827\">\n\t\t\t\t\t\t<section class=\"elementor-section elementor-top-section elementor-element elementor-element-c00ae91 elementor-section-boxed elementor-section-height-default elementor-section-height-default\" data-id=\"c00ae91\" data-element_type=\"section\">\n\t\t\t\t\t\t<div class=\"elementor-container elementor-column-gap-narrow\">\n\t\t\t\t\t<div class=\"elementor-column elementor-col-100 elementor-top-column elementor-element elementor-element-246f7c6\" data-id=\"246f7c6\" data-element_type=\"column\">\n\t\t\t<div class=\"elementor-widget-wrap elementor-element-populated\">\n\t\t\t\t\t\t<div class=\"elementor-element elementor-element-c1dc524 elementor-widget elementor-widget-text-editor\" data-id=\"c1dc524\" data-element_type=\"widget\" data-widget_type=\"text-editor.default\">\n\t\t\t\t<div class=\"elementor-widget-container\">\n\t\t\t\t\t\t\t\t\t<h3>Habitaciones diferentes, experiencias \u00fanicas<\/h3>\n<p align=\"justify\">Las habitaciones del Hotel Palacio San Fernando son amplias, con muros anchos y techos altos, las habitaciones est\u00e1n decoradas al m\u00ednimo detalle. Son espacios \u00fanicos con personalidad propia, con el sello del&nbsp;hotel Palacio San Fernando<b>. <\/b>Todos los materiales de construcci\u00f3n son de alta gama, y con un equipamiento completo con las mejores calidades.<\/p>\t\t\t\t\t\t\t\t<\/div>\n\t\t\t\t<\/div>\n\t\t\t\t\t<\/div>\n\t\t<\/div>\n\t\t\t\t\t<\/div>\n\t\t<\/section>\n\t\t\t\t<section class=\"elementor-section elementor-top-section elementor-element elementor-element-2c52ed2 elementor-section-boxed elementor-section-height-default elementor-section-height-default\" data-id=\"2c52ed2\" data-element_type=\"section\">\n\t\t\t\t\t\t<div class=\"elementor-container elementor-column-gap-default\">\n\t\t\t\t\t<div class=\"elementor-column elementor-col-33 elementor-top-column elementor-element elementor-element-7da74a7\" data-id=\"7da74a7\" data-element_type=\"column\">\n\t\t\t<div class=\"elementor-widget-wrap elementor-element-populated\">\n\t\t\t\t\t\t<div class=\"elementor-element elementor-element-575d721 elementor-widget elementor-widget-image\" data-id=\"575d721\" data-element_type=\"widget\" data-widget_type=\"image.default\">\n\t\t\t\t<div class=\"elementor-widget-container\">\n\t\t\t\t\t\t\t\t\t\t\t\t\t\t\t<img fetchpriority=\"high\" decoding=\"async\" width=\"850\" height=\"568\" src=\"https:\/\/www.palaciosanfernando.com\/wp-content\/uploads\/2021\/01\/08-1-1024x684.jpg\" class=\"attachment-large size-large wp-image-2525\" alt=\"ba\u00f1o hotel palacio san fernando\" srcset=\"https:\/\/www.palaciosanfernando.com\/wp-content\/uploads\/2021\/01\/08-1-1024x684.jpg 1024w, https:\/\/www.palaciosanfernando.com\/wp-content\/uploads\/2021\/01\/08-1-300x200.jpg 300w, https:\/\/www.palaciosanfernando.com\/wp-content\/uploads\/2021\/01\/08-1-768x513.jpg 768w, https:\/\/www.palaciosanfernando.com\/wp-content\/uploads\/2021\/01\/08-1-850x567.jpg 850w, https:\/\/www.palaciosanfernando.com\/wp-content\/uploads\/2021\/01\/08-1-555x371.jpg 555w, https:\/\/www.palaciosanfernando.com\/wp-content\/uploads\/2021\/01\/08-1.jpg 1374w\" sizes=\"(max-width: 850px) 100vw, 850px\" \/>\t\t\t\t\t\t\t\t\t\t\t\t\t\t\t<\/div>\n\t\t\t\t<\/div>\n\t\t\t\t<div class=\"elementor-element elementor-element-571709a elementor-widget elementor-widget-image\" data-id=\"571709a\" data-element_type=\"widget\" data-widget_type=\"image.default\">\n\t\t\t\t<div class=\"elementor-widget-container\">\n\t\t\t\t\t\t\t\t\t\t\t\t\t\t\t<img decoding=\"async\" width=\"850\" height=\"567\" src=\"https:\/\/www.palaciosanfernando.com\/wp-content\/uploads\/2021\/01\/Hotel-75-1024x683.jpg\" class=\"attachment-large size-large wp-image-2542\" alt=\"cama habitaciones hotel palacio san fernando\" srcset=\"https:\/\/www.palaciosanfernando.com\/wp-content\/uploads\/2021\/01\/Hotel-75-1024x683.jpg 1024w, https:\/\/www.palaciosanfernando.com\/wp-content\/uploads\/2021\/01\/Hotel-75-300x200.jpg 300w, https:\/\/www.palaciosanfernando.com\/wp-content\/uploads\/2021\/01\/Hotel-75-768x512.jpg 768w, https:\/\/www.palaciosanfernando.com\/wp-content\/uploads\/2021\/01\/Hotel-75-1536x1024.jpg 1536w, https:\/\/www.palaciosanfernando.com\/wp-content\/uploads\/2021\/01\/Hotel-75-2048x1365.jpg 2048w, https:\/\/www.palaciosanfernando.com\/wp-content\/uploads\/2021\/01\/Hotel-75-850x567.jpg 850w, https:\/\/www.palaciosanfernando.com\/wp-content\/uploads\/2021\/01\/Hotel-75-555x370.jpg 555w\" sizes=\"(max-width: 850px) 100vw, 850px\" \/>\t\t\t\t\t\t\t\t\t\t\t\t\t\t\t<\/div>\n\t\t\t\t<\/div>\n\t\t\t\t<div class=\"elementor-element elementor-element-49b5032 elementor-widget elementor-widget-image\" data-id=\"49b5032\" data-element_type=\"widget\" data-widget_type=\"image.default\">\n\t\t\t\t<div class=\"elementor-widget-container\">\n\t\t\t\t\t\t\t\t\t\t\t\t\t\t\t<img decoding=\"async\" width=\"850\" height=\"568\" src=\"https:\/\/www.palaciosanfernando.com\/wp-content\/uploads\/2021\/01\/07-2-1024x684.jpg\" class=\"attachment-large size-large wp-image-2545\" alt=\"cama habitacion hotel palacio san fernando\" srcset=\"https:\/\/www.palaciosanfernando.com\/wp-content\/uploads\/2021\/01\/07-2-1024x684.jpg 1024w, https:\/\/www.palaciosanfernando.com\/wp-content\/uploads\/2021\/01\/07-2-300x200.jpg 300w, https:\/\/www.palaciosanfernando.com\/wp-content\/uploads\/2021\/01\/07-2-768x513.jpg 768w, https:\/\/www.palaciosanfernando.com\/wp-content\/uploads\/2021\/01\/07-2-850x567.jpg 850w, https:\/\/www.palaciosanfernando.com\/wp-content\/uploads\/2021\/01\/07-2-555x371.jpg 555w, https:\/\/www.palaciosanfernando.com\/wp-content\/uploads\/2021\/01\/07-2.jpg 1408w\" sizes=\"(max-width: 850px) 100vw, 850px\" \/>\t\t\t\t\t\t\t\t\t\t\t\t\t\t\t<\/div>\n\t\t\t\t<\/div>\n\t\t\t\t\t<\/div>\n\t\t<\/div>\n\t\t\t\t<div class=\"elementor-column elementor-col-33 elementor-top-column elementor-element elementor-element-4c97303\" data-id=\"4c97303\" data-element_type=\"column\">\n\t\t\t<div class=\"elementor-widget-wrap elementor-element-populated\">\n\t\t\t\t\t\t<div class=\"elementor-element elementor-element-b0bb23c elementor-widget elementor-widget-image\" data-id=\"b0bb23c\" data-element_type=\"widget\" data-widget_type=\"image.default\">\n\t\t\t\t<div class=\"elementor-widget-container\">\n\t\t\t\t\t\t\t\t\t\t\t\t\t\t\t<img loading=\"lazy\" decoding=\"async\" width=\"850\" height=\"568\" src=\"https:\/\/www.palaciosanfernando.com\/wp-content\/uploads\/2021\/01\/22-1-1024x684.jpg\" class=\"attachment-large size-large wp-image-2534\" alt=\"Desayuno Hotel Palacio San Fernando\" srcset=\"https:\/\/www.palaciosanfernando.com\/wp-content\/uploads\/2021\/01\/22-1-1024x684.jpg 1024w, https:\/\/www.palaciosanfernando.com\/wp-content\/uploads\/2021\/01\/22-1-300x200.jpg 300w, https:\/\/www.palaciosanfernando.com\/wp-content\/uploads\/2021\/01\/22-1-768x513.jpg 768w, https:\/\/www.palaciosanfernando.com\/wp-content\/uploads\/2021\/01\/22-1-850x567.jpg 850w, https:\/\/www.palaciosanfernando.com\/wp-content\/uploads\/2021\/01\/22-1-555x371.jpg 555w, https:\/\/www.palaciosanfernando.com\/wp-content\/uploads\/2021\/01\/22-1.jpg 1444w\" sizes=\"(max-width: 850px) 100vw, 850px\" \/>\t\t\t\t\t\t\t\t\t\t\t\t\t\t\t<\/div>\n\t\t\t\t<\/div>\n\t\t\t\t<div class=\"elementor-element elementor-element-dae4e33 elementor-widget elementor-widget-image\" data-id=\"dae4e33\" data-element_type=\"widget\" data-widget_type=\"image.default\">\n\t\t\t\t<div class=\"elementor-widget-container\">\n\t\t\t\t\t\t\t\t\t\t\t\t\t\t\t<img loading=\"lazy\" decoding=\"async\" width=\"850\" height=\"567\" src=\"https:\/\/www.palaciosanfernando.com\/wp-content\/uploads\/2021\/01\/19-1-1024x683.jpg\" class=\"attachment-large size-large wp-image-2532\" alt=\"lavabo habitaciones hotel palacio san fernando\" srcset=\"https:\/\/www.palaciosanfernando.com\/wp-content\/uploads\/2021\/01\/19-1-1024x683.jpg 1024w, https:\/\/www.palaciosanfernando.com\/wp-content\/uploads\/2021\/01\/19-1-300x200.jpg 300w, https:\/\/www.palaciosanfernando.com\/wp-content\/uploads\/2021\/01\/19-1-768x512.jpg 768w, https:\/\/www.palaciosanfernando.com\/wp-content\/uploads\/2021\/01\/19-1-850x567.jpg 850w, https:\/\/www.palaciosanfernando.com\/wp-content\/uploads\/2021\/01\/19-1-555x370.jpg 555w, https:\/\/www.palaciosanfernando.com\/wp-content\/uploads\/2021\/01\/19-1.jpg 1343w\" sizes=\"(max-width: 850px) 100vw, 850px\" \/>\t\t\t\t\t\t\t\t\t\t\t\t\t\t\t<\/div>\n\t\t\t\t<\/div>\n\t\t\t\t<div class=\"elementor-element elementor-element-048fb5b elementor-widget elementor-widget-image\" data-id=\"048fb5b\" data-element_type=\"widget\" data-widget_type=\"image.default\">\n\t\t\t\t<div class=\"elementor-widget-container\">\n\t\t\t\t\t\t\t\t\t\t\t\t\t\t\t<img loading=\"lazy\" decoding=\"async\" width=\"850\" height=\"568\" src=\"https:\/\/www.palaciosanfernando.com\/wp-content\/uploads\/2021\/01\/15-1-1024x684.jpg\" class=\"attachment-large size-large wp-image-2529\" alt=\"foto habitaciones hotel palacio san fernando\" srcset=\"https:\/\/www.palaciosanfernando.com\/wp-content\/uploads\/2021\/01\/15-1-1024x684.jpg 1024w, https:\/\/www.palaciosanfernando.com\/wp-content\/uploads\/2021\/01\/15-1-300x200.jpg 300w, https:\/\/www.palaciosanfernando.com\/wp-content\/uploads\/2021\/01\/15-1-768x513.jpg 768w, https:\/\/www.palaciosanfernando.com\/wp-content\/uploads\/2021\/01\/15-1-850x567.jpg 850w, https:\/\/www.palaciosanfernando.com\/wp-content\/uploads\/2021\/01\/15-1-555x371.jpg 555w, https:\/\/www.palaciosanfernando.com\/wp-content\/uploads\/2021\/01\/15-1.jpg 1439w\" sizes=\"(max-width: 850px) 100vw, 850px\" \/>\t\t\t\t\t\t\t\t\t\t\t\t\t\t\t<\/div>\n\t\t\t\t<\/div>\n\t\t\t\t\t<\/div>\n\t\t<\/div>\n\t\t\t\t<div class=\"elementor-column elementor-col-33 elementor-top-column elementor-element elementor-element-1f026c5\" data-id=\"1f026c5\" data-element_type=\"column\">\n\t\t\t<div class=\"elementor-widget-wrap elementor-element-populated\">\n\t\t\t\t\t\t<div class=\"elementor-element elementor-element-5107f3c elementor-widget elementor-widget-image\" data-id=\"5107f3c\" data-element_type=\"widget\" data-widget_type=\"image.default\">\n\t\t\t\t<div class=\"elementor-widget-container\">\n\t\t\t\t\t\t\t\t\t\t\t\t\t\t\t<img loading=\"lazy\" decoding=\"async\" width=\"850\" height=\"567\" src=\"https:\/\/www.palaciosanfernando.com\/wp-content\/uploads\/2021\/01\/16-1-1024x683.jpg\" class=\"attachment-large size-large wp-image-2530\" alt=\"fresas habitaciones hotel palacio san fernando\" srcset=\"https:\/\/www.palaciosanfernando.com\/wp-content\/uploads\/2021\/01\/16-1-1024x683.jpg 1024w, https:\/\/www.palaciosanfernando.com\/wp-content\/uploads\/2021\/01\/16-1-300x200.jpg 300w, https:\/\/www.palaciosanfernando.com\/wp-content\/uploads\/2021\/01\/16-1-768x512.jpg 768w, https:\/\/www.palaciosanfernando.com\/wp-content\/uploads\/2021\/01\/16-1-850x567.jpg 850w, https:\/\/www.palaciosanfernando.com\/wp-content\/uploads\/2021\/01\/16-1-555x370.jpg 555w, https:\/\/www.palaciosanfernando.com\/wp-content\/uploads\/2021\/01\/16-1.jpg 1385w\" sizes=\"(max-width: 850px) 100vw, 850px\" \/>\t\t\t\t\t\t\t\t\t\t\t\t\t\t\t<\/div>\n\t\t\t\t<\/div>\n\t\t\t\t<div class=\"elementor-element elementor-element-e40dcc8 elementor-widget elementor-widget-image\" data-id=\"e40dcc8\" data-element_type=\"widget\" data-widget_type=\"image.default\">\n\t\t\t\t<div class=\"elementor-widget-container\">\n\t\t\t\t\t\t\t\t\t\t\t\t\t\t\t<img loading=\"lazy\" decoding=\"async\" width=\"850\" height=\"567\" src=\"https:\/\/www.palaciosanfernando.com\/wp-content\/uploads\/2021\/01\/17-1-1024x683.jpg\" class=\"attachment-large size-large wp-image-2531\" alt=\"mesa con mostachon Hotel Palacio de San Fernando\" srcset=\"https:\/\/www.palaciosanfernando.com\/wp-content\/uploads\/2021\/01\/17-1-1024x683.jpg 1024w, https:\/\/www.palaciosanfernando.com\/wp-content\/uploads\/2021\/01\/17-1-300x200.jpg 300w, https:\/\/www.palaciosanfernando.com\/wp-content\/uploads\/2021\/01\/17-1-768x513.jpg 768w, https:\/\/www.palaciosanfernando.com\/wp-content\/uploads\/2021\/01\/17-1-850x567.jpg 850w, https:\/\/www.palaciosanfernando.com\/wp-content\/uploads\/2021\/01\/17-1-555x370.jpg 555w, https:\/\/www.palaciosanfernando.com\/wp-content\/uploads\/2021\/01\/17-1.jpg 1293w\" sizes=\"(max-width: 850px) 100vw, 850px\" \/>\t\t\t\t\t\t\t\t\t\t\t\t\t\t\t<\/div>\n\t\t\t\t<\/div>\n\t\t\t\t<div class=\"elementor-element elementor-element-5b25adc elementor-widget elementor-widget-image\" data-id=\"5b25adc\" data-element_type=\"widget\" data-widget_type=\"image.default\">\n\t\t\t\t<div class=\"elementor-widget-container\">\n\t\t\t\t\t\t\t\t\t\t\t\t\t\t\t<img loading=\"lazy\" decoding=\"async\" width=\"850\" height=\"567\" src=\"https:\/\/www.palaciosanfernando.com\/wp-content\/uploads\/2021\/01\/23-1-1024x683.jpg\" class=\"attachment-large size-large wp-image-2544\" alt=\"\" srcset=\"https:\/\/www.palaciosanfernando.com\/wp-content\/uploads\/2021\/01\/23-1-1024x683.jpg 1024w, https:\/\/www.palaciosanfernando.com\/wp-content\/uploads\/2021\/01\/23-1-300x200.jpg 300w, https:\/\/www.palaciosanfernando.com\/wp-content\/uploads\/2021\/01\/23-1-768x512.jpg 768w, https:\/\/www.palaciosanfernando.com\/wp-content\/uploads\/2021\/01\/23-1-850x567.jpg 850w, https:\/\/www.palaciosanfernando.com\/wp-content\/uploads\/2021\/01\/23-1-555x370.jpg 555w, https:\/\/www.palaciosanfernando.com\/wp-content\/uploads\/2021\/01\/23-1.jpg 1403w\" sizes=\"(max-width: 850px) 100vw, 850px\" \/>\t\t\t\t\t\t\t\t\t\t\t\t\t\t\t<\/div>\n\t\t\t\t<\/div>\n\t\t\t\t\t<\/div>\n\t\t<\/div>\n\t\t\t\t\t<\/div>\n\t\t<\/section>\n\t\t\t\t<\/div>\n\t\t","protected":false},"excerpt":{"rendered":"<p>Habitaciones diferentes, experiencias \u00fanicas Las habitaciones del Hotel Palacio San Fernando son amplias, con muros anchos y techos altos, las habitaciones est\u00e1n decoradas al m\u00ednimo [&hellip;]<\/p>\n","protected":false},"author":1,"featured_media":0,"parent":0,"menu_order":0,"comment_status":"closed","ping_status":"closed","template":"","meta":{"footnotes":""},"class_list":["post-1827","page","type-page","status-publish","hentry"],"_links":{"self":[{"href":"https:\/\/www.palaciosanfernando.com\/index.php\/wp-json\/wp\/v2\/pages\/1827","targetHints":{"allow":["GET"]}}],"collection":[{"href":"https:\/\/www.palaciosanfernando.com\/index.php\/wp-json\/wp\/v2\/pages"}],"about":[{"href":"https:\/\/www.palaciosanfernando.com\/index.php\/wp-json\/wp\/v2\/types\/page"}],"author":[{"embeddable":true,"href":"https:\/\/www.palaciosanfernando.com\/index.php\/wp-json\/wp\/v2\/users\/1"}],"replies":[{"embeddable":true,"href":"https:\/\/www.palaciosanfernando.com\/index.php\/wp-json\/wp\/v2\/comments?post=1827"}],"version-history":[{"count":22,"href":"https:\/\/www.palaciosanfernando.com\/index.php\/wp-json\/wp\/v2\/pages\/1827\/revisions"}],"predecessor-version":[{"id":2661,"href":"https:\/\/www.palaciosanfernando.com\/index.php\/wp-json\/wp\/v2\/pages\/1827\/revisions\/2661"}],"wp:attachment":[{"href":"https:\/\/www.palaciosanfernando.com\/index.php\/wp-json\/wp\/v2\/media?parent=1827"}],"curies":[{"name":"wp","href":"https:\/\/api.w.org\/{rel}","templated":true}]}}