{"id":2138,"date":"2020-10-14T07:55:23","date_gmt":"2020-10-14T07:55:23","guid":{"rendered":"https:\/\/www.palaciosanfernando.com\/?page_id=2138"},"modified":"2020-10-14T07:55:23","modified_gmt":"2020-10-14T07:55:23","slug":"the-hotel","status":"publish","type":"page","link":"https:\/\/www.palaciosanfernando.com\/index.php\/en\/the-hotel\/","title":{"rendered":"The Hotel"},"content":{"rendered":"\t\t<div data-elementor-type=\"wp-page\" data-elementor-id=\"2138\" class=\"elementor elementor-2138\">\n\t\t\t\t\t\t<section class=\"elementor-section elementor-top-section elementor-element elementor-element-24078cd1 elementor-section-boxed elementor-section-height-default elementor-section-height-default\" data-id=\"24078cd1\" data-element_type=\"section\">\n\t\t\t\t\t\t<div class=\"elementor-container elementor-column-gap-default\">\n\t\t\t\t\t<div class=\"elementor-column elementor-col-100 elementor-top-column elementor-element elementor-element-76207337\" data-id=\"76207337\" data-element_type=\"column\">\n\t\t\t<div class=\"elementor-widget-wrap elementor-element-populated\">\n\t\t\t\t\t\t<div class=\"elementor-element elementor-element-28258961 elementor-widget elementor-widget-text-editor\" data-id=\"28258961\" data-element_type=\"widget\" data-widget_type=\"text-editor.default\">\n\t\t\t\t<div class=\"elementor-widget-container\">\n\t\t\t\t\t\t\t\t\t<p><\/p>\n<p align=\"justify\">Esta Casa Palacio del siglo XVIII, considerada desde siempre uno de las m\u00e1s hermosas casas por sus amplias habitaciones, gran patio y admirable terraza, se sit\u00faa en el coraz\u00f3n hist\u00f3rico y monumental de Utrera.<\/p>\n<p align=\"justify\">Bonitas calles que culminan a los pies del impresionante s\u00edmbolo de la Villa, la Iglesia de Santa Mar\u00eda de la Mesa y rodeado de las principales joyas del patrimonio cultural y art\u00edstico, como el Arco de la Villa, la plaza Enrique de la Cuadra y las Pe\u00f1as flamencas.<\/p>\n<p><\/p>\t\t\t\t\t\t\t\t<\/div>\n\t\t\t\t<\/div>\n\t\t\t\t\t<\/div>\n\t\t<\/div>\n\t\t\t\t\t<\/div>\n\t\t<\/section>\n\t\t\t\t<section class=\"elementor-section elementor-top-section elementor-element elementor-element-ef598c2 elementor-section-boxed elementor-section-height-default elementor-section-height-default\" data-id=\"ef598c2\" data-element_type=\"section\">\n\t\t\t\t\t\t<div class=\"elementor-container elementor-column-gap-narrow\">\n\t\t\t\t\t<div class=\"elementor-column elementor-col-100 elementor-top-column elementor-element elementor-element-b709035\" data-id=\"b709035\" data-element_type=\"column\">\n\t\t\t<div class=\"elementor-widget-wrap elementor-element-populated\">\n\t\t\t\t\t\t<div class=\"elementor-element elementor-element-f5b487f elementor-widget-divider--view-line_icon elementor-view-default elementor-widget-divider--element-align-center elementor-widget elementor-widget-divider\" data-id=\"f5b487f\" data-element_type=\"widget\" data-widget_type=\"divider.default\">\n\t\t\t\t<div class=\"elementor-widget-container\">\n\t\t\t\t\t\t\t<div class=\"elementor-divider\">\n\t\t\t<span class=\"elementor-divider-separator\">\n\t\t\t\t\t\t\t<div class=\"elementor-icon elementor-divider__element\">\n\t\t\t\t\t<svg xmlns=\"http:\/\/www.w3.org\/2000\/svg\" xmlns:xlink=\"http:\/\/www.w3.org\/1999\/xlink\" id=\"Capa_1\" x=\"0px\" y=\"0px\" viewBox=\"0 0 683 683\" style=\"enable-background:new 0 0 683 683;\" xml:space=\"preserve\"><style type=\"text\/css\">\t.st0{fill-rule:evenodd;clip-rule:evenodd;}<\/style><rect x=\"152.1\" y=\"336.7\" class=\"st0\" width=\"77.7\" height=\"4.2\"><\/rect><rect x=\"143.7\" y=\"329\" class=\"st0\" width=\"94.5\" height=\"4.2\"><\/rect><path class=\"st0\" d=\"M167.9,407.4H214c1.4,0,2.6,1.2,2.6,2.6c0,1.4-1.2,2.6-2.6,2.6h-46.2c-1.4,0-2.6-1.2-2.6-2.6  C165.3,408.6,166.4,407.4,167.9,407.4z\"><\/path><path class=\"st0\" d=\"M170.4,417.1c13.6,0,27.3,0,40.9,0v215.5c-13.6,0-27.3,0-40.9,0V417.1z\"><\/path><path class=\"st0\" d=\"M190.5,347.8L190.5,347.8h-0.8h-9.3l-5.1-3.4h-12.7c-6,0-13.6,5.1-13.4,14.8c0.1,8.1,6.2,11.9,11.8,11.9  c5.2-0.1,9.2-2.7,9.2-7.9c0-3.5-2.4-6.7-6.1-6.7c-6.1,0-7.3,8.3-0.7,8.8c4.2,0.1,3.7-5.5,0.4-5.5c-2.2,0-2.8,3.6-0.4,3.9  c-3.2,0.1-3-4.9,0.4-5c4.5-0.2,5.5,7.7-0.5,7.6c-8.5-0.1-6.8-11.3,1-11.5c3.9-0.1,8,2.6,8.4,8.1c0.3,5.4-2.6,8.6-7,9.8  c-0.4,2.4,1.4,27.5,3.4,31.1h21.6h21.6c2-3.6,3.8-28.7,3.4-31.1c-4.4-1.2-7.3-4.4-7-9.8c0.3-5.6,4.5-8.2,8.4-8.1  c7.8,0.2,9.4,11.4,1,11.5c-5.9,0.1-4.9-7.8-0.5-7.6c3.4,0,3.6,5.1,0.4,5c2.4-0.3,1.8-3.9-0.4-3.9c-3.4,0-3.8,5.6,0.4,5.5  c6.6-0.5,5.3-8.8-0.7-8.8c-3.7,0-6.1,3.2-6.1,6.7c0.1,5.2,4,7.7,9.2,7.9c5.6,0,11.7-3.8,11.8-11.9c0.2-9.8-7.5-14.8-13.4-14.8h-12.7  l-5.1,3.4h-9.3H190.5L190.5,347.8z\"><\/path><path class=\"st0\" d=\"M547.7,17.5c-32.1-11.7-66.6-18-102.6-18c-166.2,0-301.8,135.6-301.8,301.8v24.1h94.8v-24.1  c0-113.8,93.1-206.9,206.9-206.9h0h0c22,0,43.1,3.5,63,9.9l12.8-28c-23.8-8.1-49.3-12.5-75.8-12.5c-128.5,0-234,103.3-237.4,231.1  H174c0.1-2.2,0.1-4.5,0.2-6.7l26.9,0c7.6-128.1,111.6-229.9,244-229.6c27.5-0.1,53.8,4.3,78.2,12.4L547.7,17.5z\"><\/path><path class=\"st0\" d=\"M349.2,429.6c-72.5,0-131.7,59.3-131.7,131.7v-74c26-46,75.4-77.2,131.7-77.2c6.4,0,12.6,0.4,18.8,1.2  l-8.5,18.7C356,429.8,352.6,429.6,349.2,429.6z\"><\/path><path class=\"st0\" d=\"M385.6,372.7c-11.8-2.3-24-3.5-36.4-3.5c-50.9,0-97.3,20-131.7,52.5V479c27.3-43.4,75.5-72.3,131.7-72.1  c6.9,0,13.7,0.4,20.3,1.2L385.6,372.7z\"><\/path><rect x=\"145.5\" y=\"665\" class=\"st0\" width=\"90.7\" height=\"7\"><\/rect><rect x=\"136.5\" y=\"675.4\" class=\"st0\" width=\"108.8\" height=\"7\"><\/rect><rect x=\"145.5\" y=\"638.4\" class=\"st0\" width=\"90.7\" height=\"7\"><\/rect><rect x=\"149.7\" y=\"648.8\" class=\"st0\" width=\"82.2\" height=\"12.9\"><\/rect><\/svg><\/div>\n\t\t\t\t\t\t<\/span>\n\t\t<\/div>\n\t\t\t\t\t\t<\/div>\n\t\t\t\t<\/div>\n\t\t\t\t\t<\/div>\n\t\t<\/div>\n\t\t\t\t\t<\/div>\n\t\t<\/section>\n\t\t\t\t<section class=\"elementor-section elementor-top-section elementor-element elementor-element-8975055 elementor-section-boxed elementor-section-height-default elementor-section-height-default\" data-id=\"8975055\" data-element_type=\"section\">\n\t\t\t\t\t\t<div class=\"elementor-container elementor-column-gap-default\">\n\t\t\t\t\t<div class=\"elementor-column elementor-col-100 elementor-top-column elementor-element elementor-element-fcec8ee\" data-id=\"fcec8ee\" data-element_type=\"column\">\n\t\t\t<div class=\"elementor-widget-wrap elementor-element-populated\">\n\t\t\t\t\t\t<div class=\"elementor-element elementor-element-f8cde94 elementor-widget elementor-widget-image-gallery\" data-id=\"f8cde94\" data-element_type=\"widget\" data-widget_type=\"image-gallery.default\">\n\t\t\t\t<div class=\"elementor-widget-container\">\n\t\t\t\t\t\t\t<div class=\"elementor-image-gallery\">\n\t\t\t\t\t<\/div>\n\t\t\t\t\t\t<\/div>\n\t\t\t\t<\/div>\n\t\t\t\t\t<\/div>\n\t\t<\/div>\n\t\t\t\t\t<\/div>\n\t\t<\/section>\n\t\t\t\t<section class=\"elementor-section elementor-top-section elementor-element elementor-element-afee771 elementor-section-boxed elementor-section-height-default elementor-section-height-default\" data-id=\"afee771\" data-element_type=\"section\">\n\t\t\t\t\t\t<div class=\"elementor-container elementor-column-gap-narrow\">\n\t\t\t\t\t<div class=\"elementor-column elementor-col-100 elementor-top-column elementor-element elementor-element-a5e679b\" data-id=\"a5e679b\" data-element_type=\"column\">\n\t\t\t<div class=\"elementor-widget-wrap elementor-element-populated\">\n\t\t\t\t\t\t<div class=\"elementor-element elementor-element-1780f63 elementor-widget-divider--view-line_icon elementor-view-default elementor-widget-divider--element-align-center elementor-widget elementor-widget-divider\" data-id=\"1780f63\" data-element_type=\"widget\" data-widget_type=\"divider.default\">\n\t\t\t\t<div class=\"elementor-widget-container\">\n\t\t\t\t\t\t\t<div class=\"elementor-divider\">\n\t\t\t<span class=\"elementor-divider-separator\">\n\t\t\t\t\t\t\t<div class=\"elementor-icon elementor-divider__element\">\n\t\t\t\t\t<svg xmlns=\"http:\/\/www.w3.org\/2000\/svg\" xmlns:xlink=\"http:\/\/www.w3.org\/1999\/xlink\" id=\"Capa_1\" x=\"0px\" y=\"0px\" viewBox=\"0 0 683 683\" style=\"enable-background:new 0 0 683 683;\" xml:space=\"preserve\"><style type=\"text\/css\">\t.st0{fill-rule:evenodd;clip-rule:evenodd;}<\/style><rect x=\"152.1\" y=\"336.7\" class=\"st0\" width=\"77.7\" height=\"4.2\"><\/rect><rect x=\"143.7\" y=\"329\" class=\"st0\" width=\"94.5\" height=\"4.2\"><\/rect><path class=\"st0\" d=\"M167.9,407.4H214c1.4,0,2.6,1.2,2.6,2.6c0,1.4-1.2,2.6-2.6,2.6h-46.2c-1.4,0-2.6-1.2-2.6-2.6  C165.3,408.6,166.4,407.4,167.9,407.4z\"><\/path><path class=\"st0\" d=\"M170.4,417.1c13.6,0,27.3,0,40.9,0v215.5c-13.6,0-27.3,0-40.9,0V417.1z\"><\/path><path class=\"st0\" d=\"M190.5,347.8L190.5,347.8h-0.8h-9.3l-5.1-3.4h-12.7c-6,0-13.6,5.1-13.4,14.8c0.1,8.1,6.2,11.9,11.8,11.9  c5.2-0.1,9.2-2.7,9.2-7.9c0-3.5-2.4-6.7-6.1-6.7c-6.1,0-7.3,8.3-0.7,8.8c4.2,0.1,3.7-5.5,0.4-5.5c-2.2,0-2.8,3.6-0.4,3.9  c-3.2,0.1-3-4.9,0.4-5c4.5-0.2,5.5,7.7-0.5,7.6c-8.5-0.1-6.8-11.3,1-11.5c3.9-0.1,8,2.6,8.4,8.1c0.3,5.4-2.6,8.6-7,9.8  c-0.4,2.4,1.4,27.5,3.4,31.1h21.6h21.6c2-3.6,3.8-28.7,3.4-31.1c-4.4-1.2-7.3-4.4-7-9.8c0.3-5.6,4.5-8.2,8.4-8.1  c7.8,0.2,9.4,11.4,1,11.5c-5.9,0.1-4.9-7.8-0.5-7.6c3.4,0,3.6,5.1,0.4,5c2.4-0.3,1.8-3.9-0.4-3.9c-3.4,0-3.8,5.6,0.4,5.5  c6.6-0.5,5.3-8.8-0.7-8.8c-3.7,0-6.1,3.2-6.1,6.7c0.1,5.2,4,7.7,9.2,7.9c5.6,0,11.7-3.8,11.8-11.9c0.2-9.8-7.5-14.8-13.4-14.8h-12.7  l-5.1,3.4h-9.3H190.5L190.5,347.8z\"><\/path><path class=\"st0\" d=\"M547.7,17.5c-32.1-11.7-66.6-18-102.6-18c-166.2,0-301.8,135.6-301.8,301.8v24.1h94.8v-24.1  c0-113.8,93.1-206.9,206.9-206.9h0h0c22,0,43.1,3.5,63,9.9l12.8-28c-23.8-8.1-49.3-12.5-75.8-12.5c-128.5,0-234,103.3-237.4,231.1  H174c0.1-2.2,0.1-4.5,0.2-6.7l26.9,0c7.6-128.1,111.6-229.9,244-229.6c27.5-0.1,53.8,4.3,78.2,12.4L547.7,17.5z\"><\/path><path class=\"st0\" d=\"M349.2,429.6c-72.5,0-131.7,59.3-131.7,131.7v-74c26-46,75.4-77.2,131.7-77.2c6.4,0,12.6,0.4,18.8,1.2  l-8.5,18.7C356,429.8,352.6,429.6,349.2,429.6z\"><\/path><path class=\"st0\" d=\"M385.6,372.7c-11.8-2.3-24-3.5-36.4-3.5c-50.9,0-97.3,20-131.7,52.5V479c27.3-43.4,75.5-72.3,131.7-72.1  c6.9,0,13.7,0.4,20.3,1.2L385.6,372.7z\"><\/path><rect x=\"145.5\" y=\"665\" class=\"st0\" width=\"90.7\" height=\"7\"><\/rect><rect x=\"136.5\" y=\"675.4\" class=\"st0\" width=\"108.8\" height=\"7\"><\/rect><rect x=\"145.5\" y=\"638.4\" class=\"st0\" width=\"90.7\" height=\"7\"><\/rect><rect x=\"149.7\" y=\"648.8\" class=\"st0\" width=\"82.2\" height=\"12.9\"><\/rect><\/svg><\/div>\n\t\t\t\t\t\t<\/span>\n\t\t<\/div>\n\t\t\t\t\t\t<\/div>\n\t\t\t\t<\/div>\n\t\t\t\t\t<\/div>\n\t\t<\/div>\n\t\t\t\t\t<\/div>\n\t\t<\/section>\n\t\t\t\t<section class=\"elementor-section elementor-top-section elementor-element elementor-element-2909e12 elementor-section-boxed elementor-section-height-default elementor-section-height-default\" data-id=\"2909e12\" data-element_type=\"section\">\n\t\t\t\t\t\t<div class=\"elementor-container elementor-column-gap-default\">\n\t\t\t\t\t<div class=\"elementor-column elementor-col-100 elementor-top-column elementor-element elementor-element-677e862\" data-id=\"677e862\" data-element_type=\"column\">\n\t\t\t<div class=\"elementor-widget-wrap elementor-element-populated\">\n\t\t\t\t\t\t<div class=\"elementor-element elementor-element-21ab42d elementor-widget elementor-widget-text-editor\" data-id=\"21ab42d\" data-element_type=\"widget\" data-widget_type=\"text-editor.default\">\n\t\t\t\t<div class=\"elementor-widget-container\">\n\t\t\t\t\t\t\t\t\t<p><\/p>\n<p><span style=\"color: #242424; font-family: 'IBM Plex Serif', sans-serif; font-size: 32px; letter-spacing: -1px;\">\u00bfQu\u00e9 hay alrededor y cercano?<\/span><\/p>\n<p><\/p>\n<p><\/p>\n<p align=\"justify\">El Hotel Palacio San Fernandose encuentra en el centro hist\u00f3rico de Utrera, junto a la Iglesia de Santa Mar\u00eda, el Castillo y el Arco de la Villa. Paseando puedes disfrutar de los innumerables rincones de Utrera hasta llegar al Santuario de Consolaci\u00f3n.<\/p>\n<p align=\"justify\">A 30 minutos en tren desde el Hotel se encuentra Sevilla y sus principales maravillas: los Reales Alc\u00e1ceres, la mayor Catedral g\u00f3tica del Mundo y donde Crist\u00f3bal Col\u00f3n permanece en la eternidad, la torre del oro destino de Am\u00e9rica, la plaza de Espa\u00f1a en el parque de Mar\u00eda Luisa y los barrios de Triana y la Macarena, las calles Betis, Sierpes, Cuna.<\/p>\n<p><\/p>\n<p><\/p>\n<ul class=\"wp-block-gallery columns-2 is-cropped wp-block-gallery-1 is-layout-flex wp-block-gallery-is-layout-flex\">\n<li class=\"blocks-gallery-item\">\n<figure><img fetchpriority=\"high\" decoding=\"async\" width=\"1024\" height=\"591\" class=\"wp-image-510\" src=\"https:\/\/www.palaciosanfernando.com\/wp-content\/uploads\/2019\/10\/real-alcazar-de-sevilla-1024x591.jpg\" alt=\"\" data-id=\"510\" data-link=\"https:\/\/www.palaciosanfernando.com\/index.php\/el-hotel\/real-alcazar-de-sevilla\/\" srcset=\"https:\/\/www.palaciosanfernando.com\/wp-content\/uploads\/2019\/10\/real-alcazar-de-sevilla-1024x591.jpg 1024w, https:\/\/www.palaciosanfernando.com\/wp-content\/uploads\/2019\/10\/real-alcazar-de-sevilla-300x173.jpg 300w, https:\/\/www.palaciosanfernando.com\/wp-content\/uploads\/2019\/10\/real-alcazar-de-sevilla-768x444.jpg 768w, https:\/\/www.palaciosanfernando.com\/wp-content\/uploads\/2019\/10\/real-alcazar-de-sevilla.jpg 1960w\" sizes=\"(max-width: 1024px) 100vw, 1024px\" \/><\/figure>\n<\/li>\n<li class=\"blocks-gallery-item\">\n<figure><img decoding=\"async\" width=\"1024\" height=\"681\" class=\"wp-image-511\" src=\"https:\/\/www.palaciosanfernando.com\/wp-content\/uploads\/2019\/10\/1200px-CatedraldeSevilla2-1024x681.jpg\" alt=\"\" data-id=\"511\" data-link=\"https:\/\/www.palaciosanfernando.com\/index.php\/el-hotel\/1200px-catedraldesevilla2\/\" srcset=\"https:\/\/www.palaciosanfernando.com\/wp-content\/uploads\/2019\/10\/1200px-CatedraldeSevilla2-1024x681.jpg 1024w, https:\/\/www.palaciosanfernando.com\/wp-content\/uploads\/2019\/10\/1200px-CatedraldeSevilla2-300x200.jpg 300w, https:\/\/www.palaciosanfernando.com\/wp-content\/uploads\/2019\/10\/1200px-CatedraldeSevilla2-768x511.jpg 768w, https:\/\/www.palaciosanfernando.com\/wp-content\/uploads\/2019\/10\/1200px-CatedraldeSevilla2.jpg 1200w\" sizes=\"(max-width: 1024px) 100vw, 1024px\" \/><\/figure>\n<\/li>\n<\/ul>\n<p><\/p>\n<p><\/p>\n<p align=\"justify\">A 15 minutos en coche, en la carretera Sevilla \u2013 Ronda, puedes visitar el Castillo de las Aguzaderas, junto al municipio de El Coronil. Se trata de una fortaleza \u00e1rabe del siglo XIV fue declarado monumento arquitect\u00f3nico-art\u00edstico en 1923.<\/p>\n<p><img decoding=\"async\" class=\"alignnone size-full wp-image-1925\" src=\"https:\/\/www.palaciosanfernando.com\/wp-content\/uploads\/2020\/03\/castillo.jpg\" alt=\"\" width=\"1024\" height=\"591\" srcset=\"https:\/\/www.palaciosanfernando.com\/wp-content\/uploads\/2020\/03\/castillo.jpg 1024w, https:\/\/www.palaciosanfernando.com\/wp-content\/uploads\/2020\/03\/castillo-300x173.jpg 300w, https:\/\/www.palaciosanfernando.com\/wp-content\/uploads\/2020\/03\/castillo-768x443.jpg 768w, https:\/\/www.palaciosanfernando.com\/wp-content\/uploads\/2020\/03\/castillo-555x320.jpg 555w\" sizes=\"(max-width: 1024px) 100vw, 1024px\" \/><\/p>\n<p align=\"justify\">Tambi\u00e9n muy cerca de Utrera, puedes visitar el Castillo de Los Molares, el Castillo de Alcal\u00e1 de Guadaira, el castillo de Cote en Montellano, y tantas otras joyas arquitect\u00f3nicas que a\u00fan se conservan de la \u00e9poca romana.<\/p>\n<p><\/p>\t\t\t\t\t\t\t\t<\/div>\n\t\t\t\t<\/div>\n\t\t\t\t\t<\/div>\n\t\t<\/div>\n\t\t\t\t\t<\/div>\n\t\t<\/section>\n\t\t\t\t<\/div>\n\t\t","protected":false},"excerpt":{"rendered":"","protected":false},"author":1,"featured_media":0,"parent":0,"menu_order":0,"comment_status":"closed","ping_status":"closed","template":"","meta":{"footnotes":""},"class_list":["post-2138","page","type-page","status-publish","hentry"],"_links":{"self":[{"href":"https:\/\/www.palaciosanfernando.com\/index.php\/wp-json\/wp\/v2\/pages\/2138","targetHints":{"allow":["GET"]}}],"collection":[{"href":"https:\/\/www.palaciosanfernando.com\/index.php\/wp-json\/wp\/v2\/pages"}],"about":[{"href":"https:\/\/www.palaciosanfernando.com\/index.php\/wp-json\/wp\/v2\/types\/page"}],"author":[{"embeddable":true,"href":"https:\/\/www.palaciosanfernando.com\/index.php\/wp-json\/wp\/v2\/users\/1"}],"replies":[{"embeddable":true,"href":"https:\/\/www.palaciosanfernando.com\/index.php\/wp-json\/wp\/v2\/comments?post=2138"}],"version-history":[{"count":1,"href":"https:\/\/www.palaciosanfernando.com\/index.php\/wp-json\/wp\/v2\/pages\/2138\/revisions"}],"predecessor-version":[{"id":2139,"href":"https:\/\/www.palaciosanfernando.com\/index.php\/wp-json\/wp\/v2\/pages\/2138\/revisions\/2139"}],"wp:attachment":[{"href":"https:\/\/www.palaciosanfernando.com\/index.php\/wp-json\/wp\/v2\/media?parent=2138"}],"curies":[{"name":"wp","href":"https:\/\/api.w.org\/{rel}","templated":true}]}}